{"id":3195,"date":"2026-03-02T15:20:11","date_gmt":"2026-03-02T13:20:11","guid":{"rendered":"https:\/\/www.fcfj.fi\/harjoitusajat-ruotsi\/"},"modified":"2026-03-02T15:24:41","modified_gmt":"2026-03-02T13:24:41","slug":"traningstider","status":"publish","type":"page","link":"https:\/\/www.fcfj.fi\/sv\/joukkueet\/traningstider\/","title":{"rendered":"Tr\u00e4ningstider"},"content":{"rendered":"<div id=\"cs-content\" class=\"cs-content\"><div class=\"x-section e3195-e1 m2gr-0\"><div class=\"x-row x-container max width e3195-e2 m2gr-1 m2gr-2\"><div class=\"x-row-inner\"><div class=\"x-col e3195-e3 m2gr-3 m2gr-4\"><ul class=\"x-menu-first-level x-menu x-menu-layered x-current-layer e3195-e4 m2gr-7\" data-x-hoverintent=\"[]\" data-x-toggle-layered-root=\"1\"><li class=\"menu-item menu-item-type-post_type menu-item-object-page menu-item-2076\" id=\"menu-item-2076\"><a class=\"x-anchor x-anchor-menu-item m2gr-6\" tabindex=\"0\" href=\"https:\/\/www.fcfj.fi\/sv\/borja-spela-fotboll-pojkar\/\"><div class=\"x-anchor-content\"><div class=\"x-anchor-text\"><span class=\"x-anchor-text-primary\">B\u00f6rja spela fotboll pojkar<\/span><\/div><i class=\"x-anchor-sub-indicator\" data-x-skip-scroll=\"true\" aria-hidden=\"true\" data-x-icon-s=\"&#xf105;\"><\/i><\/div><\/a><\/li><li class=\"menu-item menu-item-type-post_type menu-item-object-page menu-item-2077\" id=\"menu-item-2077\"><a class=\"x-anchor x-anchor-menu-item m2gr-6\" tabindex=\"0\" href=\"https:\/\/www.fcfj.fi\/sv\/borja-spela-fotboll-flickor\/\"><div class=\"x-anchor-content\"><div class=\"x-anchor-text\"><span class=\"x-anchor-text-primary\">B\u00f6rja spela fotboll  flickor<\/span><\/div><i class=\"x-anchor-sub-indicator\" data-x-skip-scroll=\"true\" aria-hidden=\"true\" data-x-icon-s=\"&#xf105;\"><\/i><\/div><\/a><\/li><li class=\"menu-item menu-item-type-post_type menu-item-object-page menu-item-3217\" id=\"menu-item-3217\"><a class=\"x-anchor x-anchor-menu-item m2gr-6\" tabindex=\"0\" href=\"https:\/\/www.fcfj.fi\/sv\/joukkueet\/traningstider\/\"><div class=\"x-anchor-content\"><div class=\"x-anchor-text\"><span class=\"x-anchor-text-primary\">Tr\u00e4ningstider<\/span><\/div><i class=\"x-anchor-sub-indicator\" data-x-skip-scroll=\"true\" aria-hidden=\"true\" data-x-icon-s=\"&#xf105;\"><\/i><\/div><\/a><\/li><li class=\"menu-item menu-item-type-post_type menu-item-object-page menu-item-2078\" id=\"menu-item-2078\"><a class=\"x-anchor x-anchor-menu-item m2gr-6\" tabindex=\"0\" href=\"https:\/\/www.fcfj.fi\/sv\/klubbar-och-familjefotboll\/\"><div class=\"x-anchor-content\"><div class=\"x-anchor-text\"><span class=\"x-anchor-text-primary\">Klubbar och familjefotboll<\/span><\/div><i class=\"x-anchor-sub-indicator\" data-x-skip-scroll=\"true\" aria-hidden=\"true\" data-x-icon-s=\"&#xf105;\"><\/i><\/div><\/a><\/li><li class=\"menu-item menu-item-type-post_type menu-item-object-page menu-item-2079\" id=\"menu-item-2079\"><a class=\"x-anchor x-anchor-menu-item m2gr-6\" tabindex=\"0\" href=\"https:\/\/www.fcfj.fi\/sv\/turneringar-och-lager\/\"><div class=\"x-anchor-content\"><div class=\"x-anchor-text\"><span class=\"x-anchor-text-primary\">Turneringar och l\u00e4ger<\/span><\/div><i class=\"x-anchor-sub-indicator\" data-x-skip-scroll=\"true\" aria-hidden=\"true\" data-x-icon-s=\"&#xf105;\"><\/i><\/div><\/a><\/li><li class=\"menu-item menu-item-type-post_type menu-item-object-page menu-item-2080\" id=\"menu-item-2080\"><a class=\"x-anchor x-anchor-menu-item m2gr-6\" tabindex=\"0\" href=\"https:\/\/www.fcfj.fi\/sv\/fcfk-tekniktraningar\/\"><div class=\"x-anchor-content\"><div class=\"x-anchor-text\"><span class=\"x-anchor-text-primary\">FCFJ Tekniktr\u00e4ningar<\/span><\/div><i class=\"x-anchor-sub-indicator\" data-x-skip-scroll=\"true\" aria-hidden=\"true\" data-x-icon-s=\"&#xf105;\"><\/i><\/div><\/a><\/li><li class=\"menu-item menu-item-type-post_type menu-item-object-page menu-item-2081\" id=\"menu-item-2081\"><a class=\"x-anchor x-anchor-menu-item m2gr-6\" tabindex=\"0\" href=\"https:\/\/www.fcfj.fi\/sv\/planer\/\"><div class=\"x-anchor-content\"><div class=\"x-anchor-text\"><span class=\"x-anchor-text-primary\">Planer<\/span><\/div><i class=\"x-anchor-sub-indicator\" data-x-skip-scroll=\"true\" aria-hidden=\"true\" data-x-icon-s=\"&#xf105;\"><\/i><\/div><\/a><\/li><\/ul><\/div><div class=\"x-col e3195-e5 m2gr-3 m2gr-5\"><div class=\"x-text x-text-headline e3195-e6 m2gr-8\"><div class=\"x-text-content\"><div class=\"x-text-content-text\"><h1 class=\"x-text-content-text-primary\">Tr&auml;ningstider<\/h1>\n<\/div><\/div><\/div><hr class=\"x-line e3195-e7 m2gr-9\"\/><div class=\"x-text x-content e3195-e8 m2gr-a\"><p>Sidans inneh&aring;ll uppdateras.<\/p><\/div><\/div><\/div><\/div><\/div><\/div>","protected":false},"excerpt":{"rendered":"<p>B\u00f6rja spela fotboll pojkarB\u00f6rja spela fotboll flickorTr\u00e4ningstiderKlubbar och familjefotbollTurneringar och l\u00e4gerFCFJ Tekniktr\u00e4ningarPlanerTr&auml;ningstider Sidans inneh&aring;ll uppdateras.<\/p>\n","protected":false},"author":1,"featured_media":0,"parent":9,"menu_order":0,"comment_status":"closed","ping_status":"closed","template":"template-blank-4.php","meta":{"footnotes":""},"class_list":["post-3195","page","type-page","status-publish","hentry","no-post-thumbnail"],"_links":{"self":[{"href":"https:\/\/www.fcfj.fi\/sv\/wp-json\/wp\/v2\/pages\/3195","targetHints":{"allow":["GET"]}}],"collection":[{"href":"https:\/\/www.fcfj.fi\/sv\/wp-json\/wp\/v2\/pages"}],"about":[{"href":"https:\/\/www.fcfj.fi\/sv\/wp-json\/wp\/v2\/types\/page"}],"author":[{"embeddable":true,"href":"https:\/\/www.fcfj.fi\/sv\/wp-json\/wp\/v2\/users\/1"}],"replies":[{"embeddable":true,"href":"https:\/\/www.fcfj.fi\/sv\/wp-json\/wp\/v2\/comments?post=3195"}],"version-history":[{"count":8,"href":"https:\/\/www.fcfj.fi\/sv\/wp-json\/wp\/v2\/pages\/3195\/revisions"}],"predecessor-version":[{"id":3214,"href":"https:\/\/www.fcfj.fi\/sv\/wp-json\/wp\/v2\/pages\/3195\/revisions\/3214"}],"up":[{"embeddable":true,"href":"https:\/\/www.fcfj.fi\/sv\/wp-json\/wp\/v2\/pages\/9"}],"wp:attachment":[{"href":"https:\/\/www.fcfj.fi\/sv\/wp-json\/wp\/v2\/media?parent=3195"}],"curies":[{"name":"wp","href":"https:\/\/api.w.org\/{rel}","templated":true}]}}