{"id":1564,"date":"2025-07-04T15:47:45","date_gmt":"2025-07-04T12:47:45","guid":{"rendered":"https:\/\/www.fcfj.fi\/kentat-ruotsi\/"},"modified":"2025-08-01T17:27:01","modified_gmt":"2025-08-01T14:27:01","slug":"planer","status":"publish","type":"page","link":"https:\/\/www.fcfj.fi\/sv\/planer\/","title":{"rendered":"Planer"},"content":{"rendered":"<div id=\"cs-content\" class=\"cs-content\"><\/div>\n","protected":false},"excerpt":{"rendered":"<p>B\u00f6rja spela fotboll pojkarB\u00f6rja spela fotboll flickorTr\u00e4ningstiderKlubbar och familjefotbollTurneringar och l\u00e4gerFCFJ Tekniktr\u00e4ningarPlanerPlaner Meill\u00e4 harrastaminen ei ole s\u00e4\u00e4st\u00e4 kiinni! Seuramme k\u00e4yt\u00f6ss\u00e4 on\u00a0Uusimaa Areena, joka tarjoaa huippuolosuhteet ymp\u00e4ri vuoden. Uusimaa Areenan l\u00e4mmin &#8230; <\/p>\n<div><a href=\"https:\/\/www.fcfj.fi\/sv\/planer\/\" class=\"more-link\">Read More<\/a><\/div>\n","protected":false},"author":1,"featured_media":0,"parent":0,"menu_order":0,"comment_status":"closed","ping_status":"closed","template":"template-blank-4.php","meta":{"footnotes":""},"class_list":["post-1564","page","type-page","status-publish","hentry","no-post-thumbnail"],"_links":{"self":[{"href":"https:\/\/www.fcfj.fi\/sv\/wp-json\/wp\/v2\/pages\/1564","targetHints":{"allow":["GET"]}}],"collection":[{"href":"https:\/\/www.fcfj.fi\/sv\/wp-json\/wp\/v2\/pages"}],"about":[{"href":"https:\/\/www.fcfj.fi\/sv\/wp-json\/wp\/v2\/types\/page"}],"author":[{"embeddable":true,"href":"https:\/\/www.fcfj.fi\/sv\/wp-json\/wp\/v2\/users\/1"}],"replies":[{"embeddable":true,"href":"https:\/\/www.fcfj.fi\/sv\/wp-json\/wp\/v2\/comments?post=1564"}],"version-history":[{"count":4,"href":"https:\/\/www.fcfj.fi\/sv\/wp-json\/wp\/v2\/pages\/1564\/revisions"}],"predecessor-version":[{"id":1578,"href":"https:\/\/www.fcfj.fi\/sv\/wp-json\/wp\/v2\/pages\/1564\/revisions\/1578"}],"wp:attachment":[{"href":"https:\/\/www.fcfj.fi\/sv\/wp-json\/wp\/v2\/media?parent=1564"}],"curies":[{"name":"wp","href":"https:\/\/api.w.org\/{rel}","templated":true}]}}