{"id":1561,"date":"2025-07-04T00:05:25","date_gmt":"2025-07-03T21:05:25","guid":{"rendered":"https:\/\/www.fcfj.fi\/fcfj-taitotreenit-ruotsi\/"},"modified":"2025-08-02T17:51:05","modified_gmt":"2025-08-02T14:51:05","slug":"fcfk-tekniktraningar","status":"publish","type":"page","link":"https:\/\/www.fcfj.fi\/sv\/fcfk-tekniktraningar\/","title":{"rendered":"FCFJ Tekniktr\u00e4ningar"},"content":{"rendered":"<div id=\"cs-content\" class=\"cs-content\"><\/div>\n","protected":false},"excerpt":{"rendered":"<p>B\u00f6rja spela fotboll pojkarB\u00f6rja spela fotboll flickorTr\u00e4ningstiderKlubbar och familjefotbollTurneringar och l\u00e4gerFCFJ Tekniktr\u00e4ningarPlanerFCFJ Tekniktr&auml;ningar FCFJ+ Taitotreenit on erillinen lis&auml;harjoitteluohjelma, joka on suunnattu motivoituneille pelaajille, jotka haluavat kehitt&auml;&auml; jalkapallotaitojaan entist&auml; monipuolisemmin. Taitotreenit &#8230; <\/p>\n<div><a href=\"https:\/\/www.fcfj.fi\/sv\/fcfk-tekniktraningar\/\" class=\"more-link\">Read More<\/a><\/div>\n","protected":false},"author":1,"featured_media":0,"parent":0,"menu_order":0,"comment_status":"closed","ping_status":"closed","template":"template-blank-4.php","meta":{"footnotes":""},"class_list":["post-1561","page","type-page","status-publish","hentry","no-post-thumbnail"],"_links":{"self":[{"href":"https:\/\/www.fcfj.fi\/sv\/wp-json\/wp\/v2\/pages\/1561","targetHints":{"allow":["GET"]}}],"collection":[{"href":"https:\/\/www.fcfj.fi\/sv\/wp-json\/wp\/v2\/pages"}],"about":[{"href":"https:\/\/www.fcfj.fi\/sv\/wp-json\/wp\/v2\/types\/page"}],"author":[{"embeddable":true,"href":"https:\/\/www.fcfj.fi\/sv\/wp-json\/wp\/v2\/users\/1"}],"replies":[{"embeddable":true,"href":"https:\/\/www.fcfj.fi\/sv\/wp-json\/wp\/v2\/comments?post=1561"}],"version-history":[{"count":5,"href":"https:\/\/www.fcfj.fi\/sv\/wp-json\/wp\/v2\/pages\/1561\/revisions"}],"predecessor-version":[{"id":2146,"href":"https:\/\/www.fcfj.fi\/sv\/wp-json\/wp\/v2\/pages\/1561\/revisions\/2146"}],"wp:attachment":[{"href":"https:\/\/www.fcfj.fi\/sv\/wp-json\/wp\/v2\/media?parent=1561"}],"curies":[{"name":"wp","href":"https:\/\/api.w.org\/{rel}","templated":true}]}}