{"id":1558,"date":"2025-07-03T23:59:35","date_gmt":"2025-07-03T20:59:35","guid":{"rendered":"https:\/\/www.fcfj.fi\/turnaukset-ja-leirit-ruotsi\/"},"modified":"2025-08-01T17:26:14","modified_gmt":"2025-08-01T14:26:14","slug":"turneringar-och-lager","status":"publish","type":"page","link":"https:\/\/www.fcfj.fi\/sv\/turneringar-och-lager\/","title":{"rendered":"Turneringar och l\u00e4ger"},"content":{"rendered":"<div id=\"cs-content\" class=\"cs-content\"><\/div>\n","protected":false},"excerpt":{"rendered":"<p>B\u00f6rja spela fotboll pojkarB\u00f6rja spela fotboll flickorTr\u00e4ningstiderKlubbar och familjefotbollTurneringar och l\u00e4gerFCFJ Tekniktr\u00e4ningarPlanerTurneringar och l&auml;ger Seura j&auml;rjest&auml;&auml; vuosittain turnauksia sek&auml; leirej&auml;. Leireille ilmoittautuminen tapahtuu alla olevien ilmoittautumislinkkien kautta. Joukkuetoiminnasta n&auml;kyy tapahtumat, &#8230; <\/p>\n<div><a href=\"https:\/\/www.fcfj.fi\/sv\/turneringar-och-lager\/\" class=\"more-link\">Read More<\/a><\/div>\n","protected":false},"author":1,"featured_media":0,"parent":0,"menu_order":0,"comment_status":"closed","ping_status":"closed","template":"template-blank-4.php","meta":{"footnotes":""},"class_list":["post-1558","page","type-page","status-publish","hentry","no-post-thumbnail"],"_links":{"self":[{"href":"https:\/\/www.fcfj.fi\/sv\/wp-json\/wp\/v2\/pages\/1558","targetHints":{"allow":["GET"]}}],"collection":[{"href":"https:\/\/www.fcfj.fi\/sv\/wp-json\/wp\/v2\/pages"}],"about":[{"href":"https:\/\/www.fcfj.fi\/sv\/wp-json\/wp\/v2\/types\/page"}],"author":[{"embeddable":true,"href":"https:\/\/www.fcfj.fi\/sv\/wp-json\/wp\/v2\/users\/1"}],"replies":[{"embeddable":true,"href":"https:\/\/www.fcfj.fi\/sv\/wp-json\/wp\/v2\/comments?post=1558"}],"version-history":[{"count":4,"href":"https:\/\/www.fcfj.fi\/sv\/wp-json\/wp\/v2\/pages\/1558\/revisions"}],"predecessor-version":[{"id":1574,"href":"https:\/\/www.fcfj.fi\/sv\/wp-json\/wp\/v2\/pages\/1558\/revisions\/1574"}],"wp:attachment":[{"href":"https:\/\/www.fcfj.fi\/sv\/wp-json\/wp\/v2\/media?parent=1558"}],"curies":[{"name":"wp","href":"https:\/\/api.w.org\/{rel}","templated":true}]}}