{"id":1552,"date":"2025-07-04T15:40:32","date_gmt":"2025-07-04T12:40:32","guid":{"rendered":"https:\/\/www.fcfj.fi\/aloita-jalkapallo-ruotsi\/"},"modified":"2025-08-01T17:25:23","modified_gmt":"2025-08-01T14:25:23","slug":"borja-spela-fotboll-flickor","status":"publish","type":"page","link":"https:\/\/www.fcfj.fi\/sv\/borja-spela-fotboll-flickor\/","title":{"rendered":"B\u00f6rja spela fotboll  flickor"},"content":{"rendered":"<div id=\"cs-content\" class=\"cs-content\"><\/div>\n","protected":false},"excerpt":{"rendered":"<p>B\u00f6rja spela fotboll pojkarB\u00f6rja spela fotboll flickorTr\u00e4ningstiderKlubbar och familjefotbollTurneringar och l\u00e4gerFCFJ Tekniktr\u00e4ningarPlanerB&ouml;rja spela fotboll flickor Jalkapalloa harrastetaan Suomessa ymp\u00e4ri vuoden ja se tarjoaa yhdess\u00e4 tekemist\u00e4 kaiken ik\u00e4isille. My\u00f6s FC Futura &#8230; <\/p>\n<div><a href=\"https:\/\/www.fcfj.fi\/sv\/borja-spela-fotboll-flickor\/\" class=\"more-link\">Read More<\/a><\/div>\n","protected":false},"author":1,"featured_media":0,"parent":0,"menu_order":0,"comment_status":"closed","ping_status":"closed","template":"template-blank-4.php","meta":{"footnotes":""},"class_list":["post-1552","page","type-page","status-publish","hentry","no-post-thumbnail"],"_links":{"self":[{"href":"https:\/\/www.fcfj.fi\/sv\/wp-json\/wp\/v2\/pages\/1552","targetHints":{"allow":["GET"]}}],"collection":[{"href":"https:\/\/www.fcfj.fi\/sv\/wp-json\/wp\/v2\/pages"}],"about":[{"href":"https:\/\/www.fcfj.fi\/sv\/wp-json\/wp\/v2\/types\/page"}],"author":[{"embeddable":true,"href":"https:\/\/www.fcfj.fi\/sv\/wp-json\/wp\/v2\/users\/1"}],"replies":[{"embeddable":true,"href":"https:\/\/www.fcfj.fi\/sv\/wp-json\/wp\/v2\/comments?post=1552"}],"version-history":[{"count":4,"href":"https:\/\/www.fcfj.fi\/sv\/wp-json\/wp\/v2\/pages\/1552\/revisions"}],"predecessor-version":[{"id":1570,"href":"https:\/\/www.fcfj.fi\/sv\/wp-json\/wp\/v2\/pages\/1552\/revisions\/1570"}],"wp:attachment":[{"href":"https:\/\/www.fcfj.fi\/sv\/wp-json\/wp\/v2\/media?parent=1552"}],"curies":[{"name":"wp","href":"https:\/\/api.w.org\/{rel}","templated":true}]}}