{"id":1392,"date":"2025-07-04T15:47:45","date_gmt":"2025-07-04T12:47:45","guid":{"rendered":"https:\/\/www.fcfj.fi\/kentat-englanti\/"},"modified":"2025-08-01T16:54:43","modified_gmt":"2025-08-01T13:54:43","slug":"fields","status":"publish","type":"page","link":"https:\/\/www.fcfj.fi\/en\/fields\/","title":{"rendered":"Fields"},"content":{"rendered":"<div id=\"cs-content\" class=\"cs-content\"><\/div>\n","protected":false},"excerpt":{"rendered":"<p>Start Football BoysStart Football GirlsTraining timesClubs and Family FootballTournaments and CampsFCFJ Skill TrainingFieldsFields Meill\u00e4 harrastaminen ei ole s\u00e4\u00e4st\u00e4 kiinni! Seuramme k\u00e4yt\u00f6ss\u00e4 on\u00a0Uusimaa Areena, joka tarjoaa huippuolosuhteet ymp\u00e4ri vuoden. Uusimaa Areenan &#8230; <\/p>\n<div><a href=\"https:\/\/www.fcfj.fi\/en\/fields\/\" class=\"more-link\">Read More<\/a><\/div>\n","protected":false},"author":1,"featured_media":0,"parent":0,"menu_order":0,"comment_status":"closed","ping_status":"closed","template":"template-blank-4.php","meta":{"footnotes":""},"class_list":["post-1392","page","type-page","status-publish","hentry","no-post-thumbnail"],"_links":{"self":[{"href":"https:\/\/www.fcfj.fi\/en\/wp-json\/wp\/v2\/pages\/1392","targetHints":{"allow":["GET"]}}],"collection":[{"href":"https:\/\/www.fcfj.fi\/en\/wp-json\/wp\/v2\/pages"}],"about":[{"href":"https:\/\/www.fcfj.fi\/en\/wp-json\/wp\/v2\/types\/page"}],"author":[{"embeddable":true,"href":"https:\/\/www.fcfj.fi\/en\/wp-json\/wp\/v2\/users\/1"}],"replies":[{"embeddable":true,"href":"https:\/\/www.fcfj.fi\/en\/wp-json\/wp\/v2\/comments?post=1392"}],"version-history":[{"count":4,"href":"https:\/\/www.fcfj.fi\/en\/wp-json\/wp\/v2\/pages\/1392\/revisions"}],"predecessor-version":[{"id":1404,"href":"https:\/\/www.fcfj.fi\/en\/wp-json\/wp\/v2\/pages\/1392\/revisions\/1404"}],"wp:attachment":[{"href":"https:\/\/www.fcfj.fi\/en\/wp-json\/wp\/v2\/media?parent=1392"}],"curies":[{"name":"wp","href":"https:\/\/api.w.org\/{rel}","templated":true}]}}